{"id":139,"date":"2020-04-08T08:44:26","date_gmt":"2020-04-08T06:44:26","guid":{"rendered":"https:\/\/www.care-lichtblicke.de\/?page_id=139"},"modified":"2020-05-11T08:38:32","modified_gmt":"2020-05-11T06:38:32","slug":"kontaktieren-sie-die-redaktion","status":"publish","type":"page","link":"https:\/\/www.care-lichtblicke.de\/index.php\/kontaktieren-sie-die-redaktion\/","title":{"rendered":"Kontaktieren Sie die Redaktion"},"content":{"rendered":"\n<h2>Wir freuen uns auf Ihre Beitr\u00e4ge, Fragen, Kritik und Anregungen&#8230; Es darf auch Lob sein!<\/h2>\n\n\n\n<div style=\"height:20px\" aria-hidden=\"true\" class=\"wp-block-spacer\"><\/div>\n\n\n\n<p>Gerne k\u00f6nnen Sie \u00fcber das Kontaktformular mit uns ins Gespr\u00e4ch kommen und\/ oder eigene Beitr\u00e4ge bereitstellen. Wir melden uns schnellstm\u00f6glich auf Ihre Nachricht zur\u00fcck.<\/p>\n\n\n\n<div style=\"height:20px\" aria-hidden=\"true\" class=\"wp-block-spacer\"><\/div>\n\n\n<p>[contact-form-7 id=&#8221;138&#8243; title=&#8221;Kontaktieren Sie die Redaktion&#8221;]<\/p>\n\n\n\n<div style=\"height:20px\" aria-hidden=\"true\" class=\"wp-block-spacer\"><\/div>\n\n\n\n<p>Care-Lichtblicke.de wird durch reCAPTCHA gesch\u00fctzt. Googles <a href=\"https:\/\/policies.google.com\/privacy\">Datenschutzbestimmungen <\/a>und <a href=\"https:\/\/policies.google.com\/terms\">Nutzungsbedingungen <\/a>gelten.<\/p>\n\n\n\n<p><\/p>\n","protected":false},"excerpt":{"rendered":"<p>Wir freuen uns auf Ihre Beitr\u00e4ge, Fragen, Kritik und Anregungen&#8230; Es darf auch Lob sein! Gerne k\u00f6nnen Sie \u00fcber das Kontaktformular mit uns ins Gespr\u00e4ch kommen und\/ oder eigene Beitr\u00e4ge bereitstellen. Wir melden uns schnellstm\u00f6glich auf Ihre Nachricht zur\u00fcck. Care-Lichtblicke.de wird durch reCAPTCHA gesch\u00fctzt. Googles Datenschutzbestimmungen und Nutzungsbedingungen gelten.<\/p>\n","protected":false},"author":2,"featured_media":0,"parent":0,"menu_order":0,"comment_status":"closed","ping_status":"closed","template":"","meta":[],"_links":{"self":[{"href":"https:\/\/www.care-lichtblicke.de\/index.php\/wp-json\/wp\/v2\/pages\/139"}],"collection":[{"href":"https:\/\/www.care-lichtblicke.de\/index.php\/wp-json\/wp\/v2\/pages"}],"about":[{"href":"https:\/\/www.care-lichtblicke.de\/index.php\/wp-json\/wp\/v2\/types\/page"}],"author":[{"embeddable":true,"href":"https:\/\/www.care-lichtblicke.de\/index.php\/wp-json\/wp\/v2\/users\/2"}],"replies":[{"embeddable":true,"href":"https:\/\/www.care-lichtblicke.de\/index.php\/wp-json\/wp\/v2\/comments?post=139"}],"version-history":[{"count":10,"href":"https:\/\/www.care-lichtblicke.de\/index.php\/wp-json\/wp\/v2\/pages\/139\/revisions"}],"predecessor-version":[{"id":421,"href":"https:\/\/www.care-lichtblicke.de\/index.php\/wp-json\/wp\/v2\/pages\/139\/revisions\/421"}],"wp:attachment":[{"href":"https:\/\/www.care-lichtblicke.de\/index.php\/wp-json\/wp\/v2\/media?parent=139"}],"curies":[{"name":"wp","href":"https:\/\/api.w.org\/{rel}","templated":true}]}}